{"id":1417,"date":"2024-06-29T15:17:00","date_gmt":"2024-06-29T08:17:00","guid":{"rendered":"https:\/\/gox.life\/dieu-khoan-dich-vu\/"},"modified":"2025-10-11T17:36:08","modified_gmt":"2025-10-11T10:36:08","slug":"dieu-khoan-dich-vu","status":"publish","type":"page","link":"https:\/\/gox.life\/vi\/dieu-khoan-dich-vu\/","title":{"rendered":"\u0110i\u1ec1u kho\u1ea3n s\u1eed d\u1ee5ng"},"content":{"rendered":"\n<h3 class=\"wp-block-heading\"><em><strong>S\u1ed1ng th\u1eadt. S\u1ed1ng vui. S\u1ed1ng kho\u1ebb. S\u1ed1ng \u00fd ngh\u0129a.   <\/strong><br\/><\/em>C\u1eadp nh\u1eadt l\u1ea7n cu\u1ed1i:<strong> <\/strong>09\/10\/2025<\/h3>\n\n<p><strong>1. Gi\u1edbi thi\u1ec7u<\/strong><\/p>\n\n<p>Ch\u00e0o m\u1eebng b\u1ea1n \u0111\u1ebfn v\u1edbi <strong>GOX<\/strong> \u2013 h\u1ec7 sinh th\u00e1i k\u1ebft n\u1ed1i m\u1ecdi ng\u01b0\u1eddi th\u00f4ng qua \u0111am m\u00ea, s\u00e1ng t\u1ea1o v\u00e0 nh\u1eefng tr\u1ea3i nghi\u1ec7m \u00fd ngh\u0129a.<\/p>\n\n<p><\/p><p class=\"p1\" style=\"white-space: normal;\"><span class=\"s1\">\n  <b>\u0110i\u1ec1u kho\u1ea3n s\u1eed d\u1ee5ng (\u201c\u0110i\u1ec1u kho\u1ea3n\u201d)<\/b>\n<\/span> n\u00e0y \u0111i\u1ec1u ch\u1ec9nh vi\u1ec7c b\u1ea1n tham gia <span class=\"s1\">\n  <b>C\u1ed9ng \u0111\u1ed3ng GOX <\/b>\n<\/span>v\u00e0 vi\u1ec7c s\u1eed d\u1ee5ng c\u00e1c n\u1ec1n t\u1ea3ng GOX.<\/p><p class=\"p2\" style=\"white-space: normal;\"><\/p><blockquote style=\"white-space: normal; margin: 0px 0px 0px 15px; font-width: normal; font-size: 19px; line-height: normal; font-size-adjust: none; font-kerning: auto; font-variant-alternates: normal; font-variant-ligatures: normal; font-variant-numeric: normal; font-variant-east-asian: normal; font-variant-position: normal; font-feature-settings: normal; font-optical-sizing: auto; font-variation-settings: normal; color: rgb(14, 14, 14);\"><em>In this document, \u201c<span class=\"s1\"><b>GOX platforms<\/b><\/span>\u201d refers to all digital and physical environments operated by GOX, including but not limited to the GOX website (gox.life), mobile applications,\u00a0<span class=\"s1\"><b>GOX Destinations<\/b><\/span>, and other official GOX services.<\/em><\/blockquote>\n\n<p>B\u1eb1ng vi\u1ec7c truy c\u1eadp ho\u1eb7c s\u1eed d\u1ee5ng b\u1ea5t k\u1ef3 n\u1ec1n t\u1ea3ng n\u00e0o c\u1ee7a GOX, b\u1ea1n \u0111\u1ed3ng \u00fd v\u1edbi c\u00e1c \u0110i\u1ec1u kho\u1ea3n n\u00e0y v\u00e0 Ch\u00ednh s\u00e1ch quy\u1ec1n ri\u00eang t\u01b0 c\u1ee7a GOX.<br\/>N\u1ebfu b\u1ea1n kh\u00f4ng \u0111\u1ed3ng \u00fd, vui l\u00f2ng ng\u1eebng s\u1eed d\u1ee5ng D\u1ecbch v\u1ee5.<\/p>\n\n<hr class=\"wp-block-separator has-alpha-channel-opacity\"\/>\n\n<h3 class=\"wp-block-heading\"><strong>2. Th\u00f4ng tin v\u1ec1 ch\u00fang t\u00f4i<\/strong><\/h3>\n\n<p>GOX \u0111\u01b0\u1ee3c v\u1eadn h\u00e0nh b\u1edfi <strong>C\u00f4ng ty TNHH Th\u1ec3 Thao H\u1ed3ng Qu\u00e2n (GOX),<\/strong> c\u00f3 tr\u1ee5 s\u1edf t\u1ea1i TP. H\u1ed3 Ch\u00ed Minh, Vi\u1ec7t Nam.<\/p>\n\n<p>GOX cung c\u1ea5p c\u00e1c n\u1ec1n t\u1ea3ng s\u1ed1, kh\u00f4ng gian th\u1ef1c t\u1ebf v\u00e0 ho\u1ea1t \u0111\u1ed9ng c\u1ed9ng \u0111\u1ed3ng \u2013 n\u01a1i m\u1ecdi ng\u01b0\u1eddi c\u00f3 th\u1ec3 chia s\u1ebb tr\u1ea3i nghi\u1ec7m, th\u1ec3 hi\u1ec7n \u0111am m\u00ea v\u00e0 k\u1ebft n\u1ed1i th\u00f4ng qua cu\u1ed9c s\u1ed1ng th\u1eadt.<\/p>\n\n<hr class=\"wp-block-separator has-alpha-channel-opacity\"\/>\n\n<h3 class=\"wp-block-heading\"><strong>3. T\u00e0i kho\u1ea3n ng\u01b0\u1eddi d\u00f9ng<\/strong><\/h3>\n\n<p>M\u1ed9t s\u1ed1 t\u00ednh n\u0103ng c\u1ee7a n\u1ec1n t\u1ea3ng GOX y\u00eau c\u1ea7u b\u1ea1n t\u1ea1o t\u00e0i kho\u1ea3n.<br\/>B\u1ea1n ch\u1ecbu tr\u00e1ch nhi\u1ec7m: <\/p>\n\n<ul class=\"wp-block-list\">\n<li>Gi\u1eef b\u00ed m\u1eadt th\u00f4ng tin \u0111\u0103ng nh\u1eadp;<\/li>\n\n\n\n<li>Qu\u1ea3n l\u00fd m\u1ecdi ho\u1ea1t \u0111\u1ed9ng ph\u00e1t sinh t\u1eeb t\u00e0i kho\u1ea3n c\u1ee7a m\u00ecnh;<\/li>\n\n\n\n<li>Cung c\u1ea5p th\u00f4ng tin ch\u00ednh x\u00e1c, trung th\u1ef1c v\u00e0 \u0111\u01b0\u1ee3c c\u1eadp nh\u1eadt.<\/li>\n<\/ul>\n\n<p>GOX c\u00f3 quy\u1ec1n t\u1ea1m kh\u00f3a ho\u1eb7c ch\u1ea5m d\u1ee9t t\u00e0i kho\u1ea3n n\u1ebfu ph\u00e1t hi\u1ec7n h\u00e0nh vi vi ph\u1ea1m, gian l\u1eadn ho\u1eb7c kh\u00f4ng tu\u00e2n th\u1ee7 \u0110i\u1ec1u kho\u1ea3n n\u00e0y hay N\u1ed9i quy C\u1ed9ng \u0111\u1ed3ng.<\/p>\n\n<hr class=\"wp-block-separator has-alpha-channel-opacity\"\/>\n\n<h3 class=\"wp-block-heading\"><strong>4. \u1ee8ng x\u1eed trong c\u1ed9ng \u0111\u1ed3ng<\/strong><\/h3>\n\n<p>C\u1ed9ng \u0111\u1ed3ng GOX \u0111\u01b0\u1ee3c x\u00e2y d\u1ef1ng tr\u00ean tinh th\u1ea7n t\u00f4n tr\u1ecdng, ch\u00e2n th\u00e0nh v\u00e0 ni\u1ec1m vui.<\/p>\n\n<p>B\u1ea1n \u0111\u1ed3ng \u00fd tu\u00e2n th\u1ee7 <strong>N\u1ed9i quy C\u1ed9ng \u0111\u1ed3ng GOX<\/strong>, bao g\u1ed3m (nh\u01b0ng kh\u00f4ng gi\u1edbi h\u1ea1n):<\/p>\n\n<ul class=\"wp-block-list\">\n<li>Kh\u00f4ng qu\u1ea5y r\u1ed1i, x\u00fac ph\u1ea1m, ph\u00e2n bi\u1ec7t \u0111\u1ed1i x\u1eed;<\/li>\n\n\n\n<li>Kh\u00f4ng spam, l\u1eeba \u0111\u1ea3o ho\u1eb7c \u0111\u0103ng t\u1ea3i th\u00f4ng tin sai l\u1ec7ch;<\/li>\n\n\n\n<li>Kh\u00f4ng chia s\u1ebb n\u1ed9i dung ph\u1ea3n c\u1ea3m, b\u1ea1o l\u1ef1c, th\u00f9 gh\u00e9t ho\u1eb7c vi ph\u1ea1m ph\u00e1p lu\u1eadt;<\/li>\n\n\n\n<li>Kh\u00f4ng gi\u1ea3 m\u1ea1o danh t\u00ednh ho\u1eb7c s\u1eed d\u1ee5ng tr\u00e1i ph\u00e9p th\u00f4ng tin c\u1ee7a ng\u01b0\u1eddi kh\u00e1c;<\/li>\n\n\n\n<li>Kh\u00f4ng th\u1ef1c hi\u1ec7n h\u00e0nh vi g\u00e2y \u1ea3nh h\u01b0\u1edfng ti\u00eau c\u1ef1c \u0111\u1ebfn tr\u1ea3i nghi\u1ec7m ho\u1eb7c an to\u00e0n c\u1ee7a c\u1ed9ng \u0111\u1ed3ng.<\/li>\n<\/ul>\n\n<p>GOX c\u00f3 quy\u1ec1n ki\u1ec3m duy\u1ec7t, x\u00f3a ho\u1eb7c h\u1ea1n ch\u1ebf n\u1ed9i dung vi ph\u1ea1m c\u00e1c nguy\u00ean t\u1eafc tr\u00ean ho\u1eb7c quy \u0111\u1ecbnh ph\u00e1p lu\u1eadt.<\/p>\n\n<hr class=\"wp-block-separator has-alpha-channel-opacity\"\/>\n\n<h3 class=\"wp-block-heading\"><strong>5. N\u1ed9i dung do ng\u01b0\u1eddi d\u00f9ng t\u1ea1o (User-Generated Content)<\/strong><\/h3>\n\n<p>B\u1ea1n s\u1edf h\u1eefu to\u00e0n b\u1ed9 n\u1ed9i dung m\u00e0 m\u00ecnh t\u1ea1o v\u00e0 chia s\u1ebb tr\u00ean c\u00e1c n\u1ec1n t\u1ea3ng GOX.<\/p>\n\n<p>B\u1eb1ng vi\u1ec7c \u0111\u0103ng t\u1ea3i ho\u1eb7c g\u1eedi n\u1ed9i dung, b\u1ea1n \u0111\u1ed3ng \u00fd c\u1ea5p cho GOX quy\u1ec1n s\u1eed d\u1ee5ng <strong>kh\u00f4ng \u0111\u1ed9c quy\u1ec1n, to\u00e0n c\u1ea7u v\u00e0 mi\u1ec5n ph\u00ed b\u1ea3n quy\u1ec1n<\/strong> \u0111\u1ec3 hi\u1ec3n th\u1ecb, ph\u00e2n ph\u1ed1i v\u00e0 qu\u1ea3ng b\u00e1 n\u1ed9i dung \u0111\u00f3 tr\u00ean c\u00e1c n\u1ec1n t\u1ea3ng GOX v\u00ec m\u1ee5c \u0111\u00edch c\u1ed9ng \u0111\u1ed3ng.<\/p>\n\n<p>B\u1ea1n c\u00f3 th\u1ec3 x\u00f3a n\u1ed9i dung c\u1ee7a m\u00ecnh b\u1ea5t k\u1ef3 l\u00fac n\u00e0o. Tuy nhi\u00ean, c\u00e1c b\u1ea3n sao \u0111\u00e3 \u0111\u01b0\u1ee3c chia s\u1ebb ho\u1eb7c sao l\u01b0u c\u00f3 th\u1ec3 v\u1eabn t\u1ed3n t\u1ea1i t\u1ea1m th\u1eddi. <\/p>\n\n<p>B\u1ea1n cam k\u1ebft n\u1ed9i dung c\u1ee7a m\u00ecnh:<\/p>\n\n<ul class=\"wp-block-list\">\n<li>Kh\u00f4ng vi ph\u1ea1m quy\u1ec1n s\u1edf h\u1eefu tr\u00ed tu\u1ec7 ho\u1eb7c quy\u1ec1n ri\u00eang t\u01b0 c\u1ee7a ng\u01b0\u1eddi kh\u00e1c;<\/li>\n\n\n\n<li>Ch\u00ednh x\u00e1c, trung th\u1ef1c v\u00e0 c\u00f3 tr\u00e1ch nhi\u1ec7m;<\/li>\n\n\n\n<li>Kh\u00f4ng ti\u1ebft l\u1ed9 th\u00f4ng tin c\u00e1 nh\u00e2n c\u1ee7a ng\u01b0\u1eddi kh\u00e1c khi ch\u01b0a \u0111\u01b0\u1ee3c ph\u00e9p.<\/li>\n<\/ul>\n\n<hr class=\"wp-block-separator has-alpha-channel-opacity\"\/>\n\n<h3 class=\"wp-block-heading\"><strong>6. Quy\u1ec1n v\u00e0 tr\u00e1ch nhi\u1ec7m c\u1ee7a GOX<\/strong><\/h3>\n\n<p>GOX c\u00f3 th\u1ec3 c\u1eadp nh\u1eadt, n\u00e2ng c\u1ea5p ho\u1eb7c t\u1ea1m ng\u1eebng m\u1ed9t ph\u1ea7n c\u1ee7a c\u00e1c n\u1ec1n t\u1ea3ng \u0111\u1ec3 b\u1ea3o tr\u00ec, c\u1ea3i thi\u1ec7n ho\u1eb7c tu\u00e2n th\u1ee7 quy \u0111\u1ecbnh ph\u00e1p lu\u1eadt.<\/p>\n\n<p>Ch\u00fang t\u00f4i c\u00f3 quy\u1ec1n x\u00f3a n\u1ed9i dung ho\u1eb7c gi\u1edbi h\u1ea1n truy c\u1eadp v\u1edbi ng\u01b0\u1eddi d\u00f9ng vi ph\u1ea1m \u0110i\u1ec1u kho\u1ea3n ho\u1eb7c g\u00e2y \u1ea3nh h\u01b0\u1edfng \u0111\u1ebfn c\u1ed9ng \u0111\u1ed3ng.<\/p>\n\n<p>M\u1ecdi quy\u1ebft \u0111\u1ecbnh \u0111\u01b0\u1ee3c th\u1ef1c hi\u1ec7n minh b\u1ea1ch, thi\u1ec7n ch\u00ed v\u00e0 h\u01b0\u1edbng \u0111\u1ebfn vi\u1ec7c b\u1ea3o v\u1ec7 t\u00ednh to\u00e0n v\u1eb9n c\u1ee7a C\u1ed9ng \u0111\u1ed3ng GOX.<\/p>\n\n<hr class=\"wp-block-separator has-alpha-channel-opacity\"\/>\n\n<h3 class=\"wp-block-heading\"><strong>7. Quy\u1ec1n s\u1edf h\u1eefu tr\u00ed tu\u1ec7<\/strong><\/h3>\n\n<p>To\u00e0n b\u1ed9 logo, nh\u00e3n hi\u1ec7u, thi\u1ebft k\u1ebf, v\u00e0 t\u00e0i li\u1ec7u \u0111\u1ed9c quy\u1ec1n thu\u1ed9c s\u1edf h\u1eefu c\u1ee7a <strong>GOX<\/strong>.<\/p>\n\n<p>B\u1ea1n kh\u00f4ng \u0111\u01b0\u1ee3c sao ch\u00e9p, s\u1eed d\u1ee5ng ho\u1eb7c ph\u00e2n ph\u1ed1i l\u1ea1i n\u1ebfu ch\u01b0a c\u00f3 s\u1ef1 \u0111\u1ed3ng \u00fd b\u1eb1ng v\u0103n b\u1ea3n c\u1ee7a GOX.<\/p>\n\n<p>N\u1ed9i dung g\u1ed1c c\u1ee7a b\u1ea1n v\u1eabn thu\u1ed9c quy\u1ec1n s\u1edf h\u1eefu c\u1ee7a b\u1ea1n, nh\u01b0ng b\u1ea1n cho ph\u00e9p GOX c\u00f3 th\u1ec3 gi\u1edbi thi\u1ec7u ho\u1eb7c hi\u1ec3n th\u1ecb n\u1ed9i dung \u0111\u00f3 trong c\u00e1c ho\u1ea1t \u0111\u1ed9ng c\u1ed9ng \u0111\u1ed3ng khi ph\u00f9 h\u1ee3p.<\/p>\n\n<hr class=\"wp-block-separator has-alpha-channel-opacity\"\/>\n\n<h3 class=\"wp-block-heading\"><strong>8. D\u1ecbch v\u1ee5 b\u00ean th\u1ee9 ba<\/strong><\/h3>\n\n<p>M\u1ed9t s\u1ed1 n\u1ec1n t\u1ea3ng GOX c\u00f3 th\u1ec3 t\u00edch h\u1ee3p v\u1edbi c\u00e1c d\u1ecbch v\u1ee5 b\u00ean th\u1ee9 ba (v\u00ed d\u1ee5: Facebook, Google, c\u1ed5ng thanh to\u00e1n ho\u1eb7c h\u1ec7 th\u1ed1ng s\u1ef1 ki\u1ec7n).<\/p>\n\n<p>Vi\u1ec7c s\u1eed d\u1ee5ng c\u00e1c n\u1ec1n t\u1ea3ng n\u00e0y s\u1ebd tu\u00e2n theo \u0111i\u1ec1u kho\u1ea3n v\u00e0 ch\u00ednh s\u00e1ch ri\u00eang c\u1ee7a h\u1ecd.<\/p>\n\n<p>GOX kh\u00f4ng ch\u1ecbu tr\u00e1ch nhi\u1ec7m v\u1ec1 ho\u1ea1t \u0111\u1ed9ng ho\u1eb7c ch\u00ednh s\u00e1ch d\u1eef li\u1ec7u c\u1ee7a c\u00e1c b\u00ean th\u1ee9 ba.<\/p>\n\n<hr class=\"wp-block-separator has-alpha-channel-opacity\"\/>\n\n<h3 class=\"wp-block-heading\"><strong>9. Mi\u1ec5n tr\u1eeb tr\u00e1ch nhi\u1ec7m<\/strong><\/h3>\n\n<p>GOX cung c\u1ea5p D\u1ecbch v\u1ee5 theo nguy\u00ean t\u1eafc \u201cnh\u01b0 hi\u1ec7n c\u00f3\u201d, kh\u00f4ng \u0111\u1ea3m b\u1ea3o d\u1ecbch v\u1ee5 s\u1ebd lu\u00f4n kh\u00f4ng gi\u00e1n \u0111o\u1ea1n ho\u1eb7c kh\u00f4ng c\u00f3 l\u1ed7i.<\/p>\n\n<p>Trong ph\u1ea1m vi ph\u00e1p lu\u1eadt cho ph\u00e9p, GOX kh\u00f4ng ch\u1ecbu tr\u00e1ch nhi\u1ec7m \u0111\u1ed1i v\u1edbi:<\/p>\n\n<ul class=\"wp-block-list\">\n<li>M\u1ea5t d\u1eef li\u1ec7u, gi\u00e1n \u0111o\u1ea1n d\u1ecbch v\u1ee5 ho\u1eb7c s\u1ef1 c\u1ed1 k\u1ef9 thu\u1eadt;<\/li>\n\n\n\n<li>N\u1ed9i dung do ng\u01b0\u1eddi d\u00f9ng \u0111\u0103ng t\u1ea3i;<\/li>\n\n\n\n<li>Thi\u1ec7t h\u1ea1i ph\u00e1t sinh t\u1eeb vi\u1ec7c s\u1eed d\u1ee5ng sai ho\u1eb7c l\u1ea1m d\u1ee5ng D\u1ecbch v\u1ee5 GOX.<\/li>\n<\/ul>\n\n<p>B\u1ea1n t\u1ef1 ch\u1ecbu tr\u00e1ch nhi\u1ec7m cho vi\u1ec7c s\u1eed d\u1ee5ng D\u1ecbch v\u1ee5.<\/p>\n\n<hr class=\"wp-block-separator has-alpha-channel-opacity\"\/>\n\n<h3 class=\"wp-block-heading\"><strong>10. Ch\u1ea5m d\u1ee9t s\u1eed d\u1ee5ng<\/strong><\/h3>\n\n<p>B\u1ea1n c\u00f3 th\u1ec3 ng\u1eebng s\u1eed d\u1ee5ng D\u1ecbch v\u1ee5 ho\u1eb7c x\u00f3a t\u00e0i kho\u1ea3n b\u1ea5t k\u1ef3 l\u00fac n\u00e0o.<\/p>\n\n<p>GOX c\u00f3 th\u1ec3 t\u1ea1m kh\u00f3a ho\u1eb7c ch\u1ea5m d\u1ee9t t\u00e0i kho\u1ea3n c\u1ee7a b\u1ea1n n\u1ebfu:<\/p>\n\n<ul class=\"wp-block-list\">\n<li>Vi ph\u1ea1m \u0110i\u1ec1u kho\u1ea3n ho\u1eb7c N\u1ed9i quy C\u1ed9ng \u0111\u1ed3ng;<\/li>\n\n\n\n<li>Th\u1ef1c hi\u1ec7n h\u00e0nh vi tr\u00e1i ph\u00e1p lu\u1eadt, l\u1ea1m d\u1ee5ng ho\u1eb7c g\u00e2y h\u1ea1i cho ng\u01b0\u1eddi kh\u00e1c;<\/li>\n\n\n\n<li>L\u00e0m \u1ea3nh h\u01b0\u1edfng \u0111\u1ebfn an to\u00e0n ho\u1eb7c t\u00ednh \u1ed5n \u0111\u1ecbnh c\u1ee7a h\u1ec7 th\u1ed1ng.<\/li>\n<\/ul>\n\n<p>Khi b\u1ecb ch\u1ea5m d\u1ee9t, quy\u1ec1n truy c\u1eadp c\u1ee7a b\u1ea1n v\u00e0o D\u1ecbch v\u1ee5 s\u1ebd k\u1ebft th\u00fac ngay l\u1eadp t\u1ee9c.<\/p>\n\n<hr class=\"wp-block-separator has-alpha-channel-opacity\"\/>\n\n<h3 class=\"wp-block-heading\"><strong>11. C\u1eadp nh\u1eadt \u0110i\u1ec1u kho\u1ea3n<\/strong><\/h3>\n\n<p>GOX c\u00f3 th\u1ec3 c\u1eadp nh\u1eadt \u0110i\u1ec1u kho\u1ea3n n\u00e0y theo th\u1eddi gian.<\/p>\n\n<p>Khi c\u00f3 thay \u0111\u1ed5i quan tr\u1ecdng, ch\u00fang t\u00f4i s\u1ebd th\u00f4ng b\u00e1o qua email ho\u1eb7c tr\u00ean c\u00e1c n\u1ec1n t\u1ea3ng GOX.<\/p>\n\n<p>Vi\u1ec7c ti\u1ebfp t\u1ee5c s\u1eed d\u1ee5ng D\u1ecbch v\u1ee5 sau khi c\u1eadp nh\u1eadt \u0111\u1ed3ng ngh\u0129a v\u1edbi vi\u1ec7c b\u1ea1n ch\u1ea5p nh\u1eadn \u0110i\u1ec1u kho\u1ea3n m\u1edbi.<\/p>\n\n<hr class=\"wp-block-separator has-alpha-channel-opacity\"\/>\n\n<h3 class=\"wp-block-heading\"><strong>12. Lu\u1eadt \u0111i\u1ec1u ch\u1ec9nh<\/strong><\/h3>\n\n<p>M\u1ecdi v\u1ea5n \u0111\u1ec1 ph\u00e1p l\u00fd ph\u00e1t sinh t\u1eeb ho\u1eb7c li\u00ean quan \u0111\u1ebfn \u0110i\u1ec1u kho\u1ea3n n\u00e0y s\u1ebd \u0111\u01b0\u1ee3c \u00e1p d\u1ee5ng v\u00e0 gi\u1ea3i th\u00edch theo ph\u00e1p lu\u1eadt n\u01b0\u1edbc C\u1ed9ng h\u00f2a X\u00e3 h\u1ed9i Ch\u1ee7 ngh\u0129a Vi\u1ec7t Nam.<\/p>\n\n<p>\u0110\u1ed1i v\u1edbi ng\u01b0\u1eddi d\u00f9ng ngo\u00e0i l\u00e3nh th\u1ed5 Vi\u1ec7t Nam, GOX h\u01b0\u1edbng \u0111\u1ebfn vi\u1ec7c tu\u00e2n th\u1ee7 c\u00e1c ti\u00eau chu\u1ea9n qu\u1ed1c t\u1ebf \u0111\u01b0\u1ee3c c\u00f4ng nh\u1eadn v\u1ec1 b\u1ea3o v\u1ec7 d\u1eef li\u1ec7u, quy\u1ec1n k\u1ef9 thu\u1eadt s\u1ed1 v\u00e0 \u1ee9ng x\u1eed c\u1ed9ng \u0111\u1ed3ng.<\/p>\n\n<hr class=\"wp-block-separator has-alpha-channel-opacity\"\/>\n\n<h3 class=\"wp-block-heading\"><strong>13. Li\u00ean h\u1ec7<\/strong><\/h3>\n\n<p>M\u1ecdi th\u1eafc m\u1eafc ho\u1eb7c v\u1ea5n \u0111\u1ec1 ph\u00e1p l\u00fd, vui l\u00f2ng li\u00ean h\u1ec7:<\/p>\n\n<p>Email: <strong>support@gox.life<\/strong><\/p>\n\n<p>Website: <strong>\n  <a href=\"https:\/\/gox.life\/vi\/\">https:\/\/gox.life<\/a>\n<\/strong><\/p>\n\n<hr class=\"wp-block-separator has-alpha-channel-opacity\"\/>\n\n<h3 class=\"wp-block-heading\"><strong>Th\u1ef1c th\u1ec3 ph\u00e1p l\u00fd<\/strong><\/h3>\n\n<p>V\u1eadn h\u00e0nh b\u1edfi <strong>C\u00f4ng ty TNHH Th\u1ec3 Thao H\u1ed3ng Qu\u00e2n (GOX)<\/strong><\/p>\n\n<p>M\u00e3 s\u1ed1 doanh nghi\u1ec7p: <strong>0310602861<\/strong><\/p>\n\n<p>\u0110\u1ecba ch\u1ec9: <strong>1017 B\u00ecnh Qu\u1edbi, Ph\u01b0\u1eddng 28, Qu\u1eadn B\u00ecnh Th\u1ea1nh, TP. H\u1ed3 Ch\u00ed Minh, Vi\u1ec7t Nam<\/strong><\/p>\n\n<hr class=\"wp-block-separator has-alpha-channel-opacity\"\/>\n\n<h3 class=\"wp-block-heading\"><strong>\ud83d\udcac Khi b\u1ea1n tham gia C\u1ed9ng \u0111\u1ed3ng GOX, b\u1ea1n \u0111ang c\u00f9ng ch\u00fang t\u00f4i x\u00e2y d\u1ef1ng m\u1ed9t th\u1ebf gi\u1edbi n\u01a1i m\u1ed7i ng\u01b0\u1eddi \u0111\u01b0\u1ee3c s\u1ed1ng th\u1eadt, s\u1ed1ng vui, s\u1ed1ng kho\u1ebb v\u00e0 s\u1ed1ng \u00fd ngh\u0129a.<br\/><\/strong><\/h3>\n\n<p class=\"has-text-align-right\"><\/p>\n\n<p class=\"has-text-align-right\"><\/p>\n\n<p><\/p>\n","protected":false},"excerpt":{"rendered":"<p>S\u1ed1ng th\u1eadt. S\u1ed1ng vui. S\u1ed1ng kho\u1ebb. S\u1ed1ng \u00fd ngh\u0129a. C\u1eadp nh\u1eadt l\u1ea7n cu\u1ed1i: 09\/10\/2025 1. Gi\u1edbi thi\u1ec7u Ch\u00e0o m\u1eebng b\u1ea1n \u0111\u1ebfn v\u1edbi GOX \u2013 h\u1ec7&hellip;<\/p>\n","protected":false},"author":1,"featured_media":0,"parent":0,"menu_order":0,"comment_status":"closed","ping_status":"closed","template":"","meta":{"footnotes":""},"labels":[],"class_list":["post-1417","page","type-page","status-publish","hentry"],"_links":{"self":[{"href":"https:\/\/gox.life\/vi\/wp-json\/wp\/v2\/pages\/1417","targetHints":{"allow":["GET"]}}],"collection":[{"href":"https:\/\/gox.life\/vi\/wp-json\/wp\/v2\/pages"}],"about":[{"href":"https:\/\/gox.life\/vi\/wp-json\/wp\/v2\/types\/page"}],"author":[{"embeddable":true,"href":"https:\/\/gox.life\/vi\/wp-json\/wp\/v2\/users\/1"}],"replies":[{"embeddable":true,"href":"https:\/\/gox.life\/vi\/wp-json\/wp\/v2\/comments?post=1417"}],"version-history":[{"count":8,"href":"https:\/\/gox.life\/vi\/wp-json\/wp\/v2\/pages\/1417\/revisions"}],"predecessor-version":[{"id":2614,"href":"https:\/\/gox.life\/vi\/wp-json\/wp\/v2\/pages\/1417\/revisions\/2614"}],"wp:attachment":[{"href":"https:\/\/gox.life\/vi\/wp-json\/wp\/v2\/media?parent=1417"}],"wp:term":[{"taxonomy":"labels","embeddable":true,"href":"https:\/\/gox.life\/vi\/wp-json\/wp\/v2\/labels?post=1417"}],"curies":[{"name":"wp","href":"https:\/\/api.w.org\/{rel}","templated":true}]}}