{"id":1418,"date":"2024-06-29T15:23:06","date_gmt":"2024-06-29T08:23:06","guid":{"rendered":"https:\/\/gox.life\/dang-ky\/"},"modified":"2025-10-05T17:36:54","modified_gmt":"2025-10-05T10:36:54","slug":"dang-ky","status":"publish","type":"page","link":"https:\/\/gox.life\/vi\/dang-ky\/","title":{"rendered":"\u0110\u0103ng k\u00fd"},"content":{"rendered":"","protected":false},"excerpt":{"rendered":"","protected":false},"author":1,"featured_media":0,"parent":0,"menu_order":0,"comment_status":"closed","ping_status":"closed","template":"","meta":{"footnotes":""},"labels":[],"class_list":["post-1418","page","type-page","status-publish","hentry"],"_links":{"self":[{"href":"https:\/\/gox.life\/vi\/wp-json\/wp\/v2\/pages\/1418","targetHints":{"allow":["GET"]}}],"collection":[{"href":"https:\/\/gox.life\/vi\/wp-json\/wp\/v2\/pages"}],"about":[{"href":"https:\/\/gox.life\/vi\/wp-json\/wp\/v2\/types\/page"}],"author":[{"embeddable":true,"href":"https:\/\/gox.life\/vi\/wp-json\/wp\/v2\/users\/1"}],"replies":[{"embeddable":true,"href":"https:\/\/gox.life\/vi\/wp-json\/wp\/v2\/comments?post=1418"}],"version-history":[{"count":1,"href":"https:\/\/gox.life\/vi\/wp-json\/wp\/v2\/pages\/1418\/revisions"}],"predecessor-version":[{"id":1753,"href":"https:\/\/gox.life\/vi\/wp-json\/wp\/v2\/pages\/1418\/revisions\/1753"}],"wp:attachment":[{"href":"https:\/\/gox.life\/vi\/wp-json\/wp\/v2\/media?parent=1418"}],"wp:term":[{"taxonomy":"labels","embeddable":true,"href":"https:\/\/gox.life\/vi\/wp-json\/wp\/v2\/labels?post=1418"}],"curies":[{"name":"wp","href":"https:\/\/api.w.org\/{rel}","templated":true}]}}