{"id":1477,"date":"2024-08-18T15:43:41","date_gmt":"2024-08-18T08:43:41","guid":{"rendered":"https:\/\/gox.life\/dong-hanh\/"},"modified":"2025-10-09T21:38:51","modified_gmt":"2025-10-09T14:38:51","slug":"dong-hanh","status":"publish","type":"page","link":"https:\/\/gox.life\/vi\/dong-hanh\/","title":{"rendered":"\u0110\u1ed3ng h\u00e0nh"},"content":{"rendered":"\t\t<div data-elementor-type=\"wp-page\" data-elementor-id=\"1477\" class=\"elementor elementor-1477 elementor-709\" data-elementor-post-type=\"page\">\n\t\t\t\t<div class=\"elementor-element elementor-element-76e6042 e-flex e-con-boxed e-con e-parent\" data-id=\"76e6042\" data-element_type=\"container\">\n\t\t\t\t\t<div class=\"e-con-inner\">\n\t\t\t\t<div class=\"elementor-element elementor-element-169c7fa elementor-widget elementor-widget-heading\" data-id=\"169c7fa\" data-element_type=\"widget\" data-widget_type=\"heading.default\">\n\t\t\t\t<div class=\"elementor-widget-container\">\n\t\t\t\t\t<div class=\"elementor-heading-title elementor-size-default\">Th\u00fac \u0111\u1ea9y<\/div>\t\t\t\t<\/div>\n\t\t\t\t<\/div>\n\t\t\t\t<div class=\"elementor-element elementor-element-1368237 elementor-headline--style-highlight elementor-widget elementor-widget-animated-headline\" data-id=\"1368237\" data-element_type=\"widget\" data-settings=\"{&quot;highlighted_text&quot;:&quot;Thay \\u0111\\u1ed5i t\\u00edch c\\u1ef1c&quot;,&quot;marker&quot;:&quot;curly&quot;,&quot;headline_style&quot;:&quot;highlight&quot;,&quot;loop&quot;:&quot;yes&quot;,&quot;highlight_animation_duration&quot;:1200,&quot;highlight_iteration_delay&quot;:8000}\" data-widget_type=\"animated-headline.default\">\n\t\t\t\t<div class=\"elementor-widget-container\">\n\t\t\t\t\t\t\t<div class=\"elementor-headline\">\n\t\t\t\t<span class=\"elementor-headline-dynamic-wrapper elementor-headline-text-wrapper\">\n\t\t\t\t\t<span class=\"elementor-headline-dynamic-text elementor-headline-text-active\">Thay \u0111\u1ed5i t\u00edch c\u1ef1c<\/span>\n\t\t\t\t<\/span>\n\t\t\t\t<\/div>\n\t\t\t\t\t\t<\/div>\n\t\t\t\t<\/div>\n\t\t\t\t\t<\/div>\n\t\t\t\t<\/div>\n\t\t<div class=\"elementor-element elementor-element-db0edee e-con-full e-flex e-con e-parent\" data-id=\"db0edee\" data-element_type=\"container\">\n\t\t\t\t<div class=\"elementor-element elementor-element-13d980f elementor-widget elementor-widget-text-editor\" data-id=\"13d980f\" data-element_type=\"widget\" data-widget_type=\"text-editor.default\">\n\t\t\t\t<div class=\"elementor-widget-container\">\n\t\t\t\t\t<div class=\"bb-theme-elementor-wrap bb-elementor-custom-color\">\t\t\t\t<p> <\/p><p>T\u1ea1i GOX, ch\u00fang t\u00f4i tin r\u1eb1ng s\u1ee9c m\u1ea1nh c\u1ee7a c\u1ed9ng \u0111\u1ed3ng \u0111\u1ebfn t\u1eeb nh\u1eefng \u0111\u00f3ng g\u00f3p \u0111a d\u1ea1ng c\u1ee7a m\u1ed7i c\u1ed9ng s\u1ef1.<br>\n  <br data-start=\"1333\" data-end=\"1336\">C\u00f9ng nhau, ch\u00fang ta x\u00e2y d\u1ef1ng m\u1ed9t h\u1ec7 sinh th\u00e1i m\u1edf n\u01a1i m\u1ecdi ng\u01b0\u1eddi \u0111\u1ec1u c\u00f3 <strong data-start=\"1408\" data-end=\"1456\">c\u01a1 h\u1ed9i ph\u00e1t tri\u1ec3n, t\u1ea1o ra t\u00e1c \u0111\u1ed9ng v\u00e0 \u0111\u01b0\u1ee3c c\u00f4ng nh\u1eadn th\u1ef1c s\u1ef1.<\/strong>\n<\/p>\t\t\t\t<\/div>\t\t\t\t<\/div>\n\t\t\t\t<\/div>\n\t\t<div class=\"elementor-element elementor-element-10d7d0a e-con-full elementor-hidden-tablet elementor-hidden-mobile e-flex e-con e-child\" data-id=\"10d7d0a\" data-element_type=\"container\">\n\t\t\t\t<div class=\"elementor-element elementor-element-515a6dc elementor-widget elementor-widget-html\" data-id=\"515a6dc\" data-element_type=\"widget\" data-widget_type=\"html.default\">\n\t\t\t\t<div class=\"elementor-widget-container\">\n\t\t\t\t\t<script src=\"https:\/\/unpkg.com\/@lottiefiles\/dotlottie-wc@0.6.2\/dist\/dotlottie-wc.js\" type=\"module\"><\/script>\n<dotlottie-wc src=\"https:\/\/lottie.host\/dde54474-a265-44ec-8c3f-964d22fef6b1\/BlodlRaMLS.lottie\" style=\"width: 300px;height: 300px\" speed=\"1\" autoplay=\"\" loop=\"\"><\/dotlottie-wc>\t\t\t\t<\/div>\n\t\t\t\t<\/div>\n\t\t\t\t<\/div>\n\t\t\t\t<\/div>\n\t\t<div class=\"elementor-element elementor-element-d24be50 e-flex e-con-boxed e-con e-parent\" data-id=\"d24be50\" data-element_type=\"container\" data-settings=\"{&quot;background_background&quot;:&quot;classic&quot;}\">\n\t\t\t\t\t<div class=\"e-con-inner\">\n\t\t<div class=\"elementor-element elementor-element-de29335 e-con-full e-flex e-con e-child\" data-id=\"de29335\" data-element_type=\"container\">\n\t\t<div class=\"elementor-element elementor-element-981dc42 e-con-full e-flex e-con e-child\" data-id=\"981dc42\" data-element_type=\"container\" data-settings=\"{&quot;background_background&quot;:&quot;classic&quot;}\">\n\t\t\t\t<\/div>\n\t\t<div class=\"elementor-element elementor-element-77635a8 e-con-full e-flex e-con e-child\" data-id=\"77635a8\" data-element_type=\"container\">\n\t\t\t\t<div class=\"elementor-element elementor-element-e55c209 elementor-headline--style-highlight elementor-widget elementor-widget-animated-headline\" data-id=\"e55c209\" data-element_type=\"widget\" data-settings=\"{&quot;marker&quot;:&quot;underline&quot;,&quot;highlighted_text&quot;:&quot;C\\u1ed9ng s\\u1ef1 GOX&quot;,&quot;headline_style&quot;:&quot;highlight&quot;,&quot;loop&quot;:&quot;yes&quot;,&quot;highlight_animation_duration&quot;:1200,&quot;highlight_iteration_delay&quot;:8000}\" data-widget_type=\"animated-headline.default\">\n\t\t\t\t<div class=\"elementor-widget-container\">\n\t\t\t\t\t\t\t<h3 class=\"elementor-headline\">\n\t\t\t\t<span class=\"elementor-headline-dynamic-wrapper elementor-headline-text-wrapper\">\n\t\t\t\t\t<span class=\"elementor-headline-dynamic-text elementor-headline-text-active\">C\u1ed9ng s\u1ef1 GOX<\/span>\n\t\t\t\t<\/span>\n\t\t\t\t<\/h3>\n\t\t\t\t\t\t<\/div>\n\t\t\t\t<\/div>\n\t\t\t\t<div class=\"elementor-element elementor-element-887035d elementor-widget elementor-widget-text-editor\" data-id=\"887035d\" data-element_type=\"widget\" data-widget_type=\"text-editor.default\">\n\t\t\t\t<div class=\"elementor-widget-container\">\n\t\t\t\t\t<div class=\"bb-theme-elementor-wrap bb-elementor-custom-color bb-elementor-custom-family bb-elementor-custom-size\">\t\t\t\t<p>Chia s\u1ebb tri th\u1ee9c, c\u00e2u chuy\u1ec7n, s\u1ea3n ph\u1ea9m v\u00e0 ngu\u1ed3n l\u1ef1c \u0111\u1ec3 c\u1ed9ng \u0111\u1ed3ng ng\u00e0y m\u1ed9t l\u1edbn m\u1ea1nh.<\/p><p>M\u1ed7i vai tr\u00f2 \u0111\u1ec1u gi\u1eef m\u1ed9t ph\u1ea7n quan tr\u1ecdng trong vi\u1ec7c lan t\u1ecfa gi\u00e1 tr\u1ecb, chia s\u1ebb tri th\u1ee9c v\u00e0 t\u1ea1o ra t\u00e1c \u0111\u1ed9ng t\u00edch c\u1ef1c.<\/p>\t\t\t\t<\/div>\t\t\t\t<\/div>\n\t\t\t\t<\/div>\n\t\t\t\t<\/div>\n\t\t\t\t<\/div>\n\t\t<div class=\"elementor-element elementor-element-2e1f0b8 e-con-full e-flex e-con e-child\" data-id=\"2e1f0b8\" data-element_type=\"container\">\n\t\t\t\t<div class=\"elementor-element elementor-element-c5cc983 elementor-widget elementor-widget-text-editor\" data-id=\"c5cc983\" data-element_type=\"widget\" data-widget_type=\"text-editor.default\">\n\t\t\t\t<div class=\"elementor-widget-container\">\n\t\t\t\t\t<div class=\"bb-theme-elementor-wrap bb-elementor-custom-color bb-elementor-custom-family bb-elementor-custom-size\">\t\t\t\t<p><strong>Tr\u00e1i tim c\u1ee7a c\u1ed9ng \u0111\u1ed3ng GOX<\/strong><\/p><ul class=\"-mt-1 list-disc space-y-2 pl-8\"><li data-start=\"266\" data-end=\"385\"><p data-start=\"268\" data-end=\"385\"><strong data-start=\"268\" data-end=\"291\">Ng\u01b0\u1eddi kh\u00e1m ph\u00e1 &amp; truy\u1ec1n c\u1ea3m h\u1ee9ng<\/strong><\/p><p class=\"p1\">Kh\u00e1m ph\u00e1 v\u00e0 chia s\u1ebb h\u00e0nh tr\u00ecnh, tr\u1ea3i nghi\u1ec7m c\u00f9ng nh\u1eefng th\u00f4ng \u0111i\u1ec7p truy\u1ec1n c\u1ea3m h\u1ee9ng.<\/p><\/li><li data-start=\"387\" data-end=\"517\"><p data-start=\"389\" data-end=\"517\"><strong data-start=\"389\" data-end=\"425\">Nh\u00e0 s\u00e1ng t\u1ea1o \/ KOL<\/strong><br data-start=\"450\" data-end=\"453\">S\u00e1ng t\u1ea1o n\u1ed9i dung, \u00fd t\u01b0\u1edfng v\u00e0 \u0111\u00f3ng g\u00f3p \u0111\u00e1nh gi\u00e1 \u0111\u1ec3 x\u00e2y d\u1ef1ng c\u1ed9ng \u0111\u1ed3ng.<\/p><\/li><li data-start=\"519\" data-end=\"643\"><p data-start=\"521\" data-end=\"643\"><strong data-start=\"521\" data-end=\"540\">Chuy\u00ean gia \/ Ng\u01b0\u1eddi h\u01b0\u1edbng d\u1eabn <\/strong><br data-start=\"561\" data-end=\"564\">Chia s\u1ebb chuy\u00ean m\u00f4n, kinh nghi\u1ec7m th\u1ef1c ti\u1ec5n v\u00e0 \u0111\u1ecbnh h\u01b0\u1edbng gi\u00fap th\u00fac \u0111\u1ea9y ng\u01b0\u1eddi kh\u00e1c ph\u00e1t tri\u1ec3n.<\/p><\/li><\/ul><p><strong>Nh\u00e0 b\u1ea3o tr\u1ee3 &amp; t\u00e0i tr\u1ee3 &#8211; Th\u00fac \u0111\u1ea9y ph\u00e1t tri\u1ec3n<\/strong><\/p><ul data-pm-slice=\"2 3 []\"><li>Cung c\u1ea5p ngu\u1ed3n l\u1ef1c, t\u1ed5 ch\u1ee9c ho\u1ea1t \u0111\u1ed9ng v\u00e0 h\u1ed7 tr\u1ee3 c\u00e1c s\u00e1ng ki\u1ebfn t\u1ea1o t\u00e1c \u0111\u1ed9ng t\u00edch c\u1ef1c.<\/li><\/ul><p><strong>\u0110\u1ed1i t\u00e1c cung \u1ee9ng &#8211; S\u1ea3n ph\u1ea9m &amp; D\u1ecbch v\u1ee5 ch\u1ea5t l\u01b0\u1ee3ng<\/strong><\/p><ul data-pm-slice=\"2 3 []\"><li>\u0110em \u0111\u1ebfn nh\u1eefng s\u1ea3n ph\u1ea9m, d\u1ecbch v\u1ee5 ch\u1ea5t l\u01b0\u1ee3ng cao, b\u1ec1n v\u1eefng,<\/li><li>Kh\u00f4ng ng\u1eebng c\u1ea3i ti\u1ebfn d\u1ef1a tr\u00ean ph\u1ea3n h\u1ed3i t\u1eeb c\u1ed9ng \u0111\u1ed3ng.<\/li><\/ul>\t\t\t\t<\/div>\t\t\t\t<\/div>\n\t\t\t\t<\/div>\n\t\t\t\t<\/div>\n\t\t\t\t\t<\/div>\n\t\t\t\t<\/div>\n\t\t<div class=\"elementor-element elementor-element-8bec87a e-flex e-con-boxed e-con e-parent\" data-id=\"8bec87a\" data-element_type=\"container\" data-settings=\"{&quot;background_background&quot;:&quot;classic&quot;}\">\n\t\t\t\t\t<div class=\"e-con-inner\">\n\t\t\t\t<div class=\"elementor-element elementor-element-17fc1c2 elementor-widget elementor-widget-ucaddon_dual_color_heading\" data-id=\"17fc1c2\" data-element_type=\"widget\" data-widget_type=\"ucaddon_dual_color_heading.default\">\n\t\t\t\t<div class=\"elementor-widget-container\">\n\t\t\t\t\t\n<!-- start Dual Color Heading -->\n\n<div class=\"ue-dual-color-heading\">\n  <div>\n    <span class=\"ue-title-one\">Ph\u00e1t tri\u1ec3n<\/span> <span class=\"ue-title-two\">c\u00f9ng GOX<\/span>\n  <\/div>\n<\/div>\n<!-- end Dual Color Heading -->\t\t\t\t<\/div>\n\t\t\t\t<\/div>\n\t\t\t\t<div class=\"elementor-element elementor-element-0239885 elementor-widget elementor-widget-text-editor\" data-id=\"0239885\" data-element_type=\"widget\" data-widget_type=\"text-editor.default\">\n\t\t\t\t<div class=\"elementor-widget-container\">\n\t\t\t\t\t<div class=\"bb-theme-elementor-wrap bb-elementor-custom-color bb-elementor-custom-family bb-elementor-custom-size\">\t\t\t\t<p>Tham gia GOX, \u0111\u00f3ng g\u00f3p theo c\u00e1ch c\u1ee7a b\u1ea1n v\u00e0 t\u1eadn h\u01b0\u1edfng quy\u1ec1n l\u1ee3i \u0111\u1ed3ng h\u00e0nh.<br> <br><\/p>\t\t\t\t<\/div>\t\t\t\t<\/div>\n\t\t\t\t<\/div>\n\t\t\t\t\t<\/div>\n\t\t\t\t<\/div>\n\t\t<div class=\"elementor-element elementor-element-c6d988b e-con-full e-flex e-con e-parent\" data-id=\"c6d988b\" data-element_type=\"container\">\n\t\t\t\t<div class=\"elementor-element elementor-element-aebe6ec elementor-invisible elementor-widget elementor-widget-image\" data-id=\"aebe6ec\" data-element_type=\"widget\" data-settings=\"{&quot;_animation&quot;:&quot;fadeIn&quot;}\" data-widget_type=\"image.default\">\n\t\t\t\t<div class=\"elementor-widget-container\">\n\t\t\t\t\t\t\t\t\t\t\t\t\t\t\t<img fetchpriority=\"high\" decoding=\"async\" width=\"2048\" height=\"1158\" src=\"https:\/\/gox.life\/wp-content\/uploads\/2024\/09\/GOX-Partners-Program-Benefits.jpg\" class=\"attachment-full size-full wp-image-1474\" alt=\"\" srcset=\"https:\/\/gox.life\/wp-content\/uploads\/2024\/09\/GOX-Partners-Program-Benefits.jpg 2048w, https:\/\/gox.life\/wp-content\/uploads\/2024\/09\/GOX-Partners-Program-Benefits-300x170.jpg 300w, https:\/\/gox.life\/wp-content\/uploads\/2024\/09\/GOX-Partners-Program-Benefits-1024x579.jpg 1024w, https:\/\/gox.life\/wp-content\/uploads\/2024\/09\/GOX-Partners-Program-Benefits-768x434.jpg 768w, https:\/\/gox.life\/wp-content\/uploads\/2024\/09\/GOX-Partners-Program-Benefits-1536x869.jpg 1536w, https:\/\/gox.life\/wp-content\/uploads\/2024\/09\/GOX-Partners-Program-Benefits-624x353.jpg 624w, https:\/\/gox.life\/wp-content\/uploads\/2024\/09\/GOX-Partners-Program-Benefits-600x339.jpg 600w\" sizes=\"(max-width: 2048px) 100vw, 2048px\" \/>\t\t\t\t\t\t\t\t\t\t\t\t\t\t\t<\/div>\n\t\t\t\t<\/div>\n\t\t\t\t<div class=\"elementor-element elementor-element-b22a13d elementor-widget-divider--view-line elementor-widget elementor-widget-divider\" data-id=\"b22a13d\" data-element_type=\"widget\" data-widget_type=\"divider.default\">\n\t\t\t\t<div class=\"elementor-widget-container\">\n\t\t\t\t\t\t\t<div class=\"elementor-divider\">\n\t\t\t<span class=\"elementor-divider-separator\">\n\t\t\t\t\t\t<\/span>\n\t\t<\/div>\n\t\t\t\t\t\t<\/div>\n\t\t\t\t<\/div>\n\t\t\t\t<\/div>\n\t\t<div class=\"elementor-element elementor-element-9849de4 e-flex e-con-boxed e-con e-parent\" data-id=\"9849de4\" data-element_type=\"container\" id=\"Heading-title-7\" data-settings=\"{&quot;background_background&quot;:&quot;classic&quot;}\">\n\t\t\t\t\t<div class=\"e-con-inner\">\n\t\t\t\t<div class=\"elementor-element elementor-element-3c53267 elementor-widget elementor-widget-text-editor\" data-id=\"3c53267\" data-element_type=\"widget\" data-widget_type=\"text-editor.default\">\n\t\t\t\t<div class=\"elementor-widget-container\">\n\t\t\t\t\t<div class=\"bb-theme-elementor-wrap bb-elementor-custom-color bb-elementor-custom-family bb-elementor-custom-size bb-elementor-mobile-custom-size\">\t\t\t\t<p>Bi\u1ebfn \u0111am m\u00ea th\u00e0nh thu nh\u1eadp<\/p>\t\t\t\t<\/div>\t\t\t\t<\/div>\n\t\t\t\t<\/div>\n\t\t\t\t<div class=\"elementor-element elementor-element-5bafe05 elementor-widget elementor-widget-ucaddon_dual_color_heading\" data-id=\"5bafe05\" data-element_type=\"widget\" data-widget_type=\"ucaddon_dual_color_heading.default\">\n\t\t\t\t<div class=\"elementor-widget-container\">\n\t\t\t\t\t\n<!-- start Dual Color Heading -->\n\n<div class=\"ue-dual-color-heading\">\n  <div>\n    <span class=\"ue-title-one\">H\u1ea5p d\u1eabn<\/span> <span class=\"ue-title-two\">Thu nh\u1eadp<\/span>\n  <\/div>\n<\/div>\n<!-- end Dual Color Heading -->\t\t\t\t<\/div>\n\t\t\t\t<\/div>\n\t\t\t\t<div class=\"elementor-element elementor-element-ee31cdb elementor-widget elementor-widget-text-editor\" data-id=\"ee31cdb\" data-element_type=\"widget\" data-widget_type=\"text-editor.default\">\n\t\t\t\t<div class=\"elementor-widget-container\">\n\t\t\t\t\t<div class=\"bb-theme-elementor-wrap bb-elementor-custom-color bb-elementor-custom-family bb-elementor-custom-size\">\t\t\t\t<ul><li><p class=\"p1\">Ki\u1ebfm ti\u1ec1n t\u1eeb s\u1ef1 s\u00e1ng t\u1ea1o v\u00e0 chuy\u00ean m\u00f4n c\u1ee7a b\u1ea1n.<\/p><\/li><li><p class=\"p1\">\u0110a d\u1ea1ng ph\u01b0\u01a1ng th\u1ee9c t\u1ea1o thu nh\u1eadp \u2013 t\u1eeb n\u1ed9i dung, workshop cho \u0111\u1ebfn s\u1ea3n ph\u1ea9m ch\u1ecdn l\u1ecdc.<\/p><\/li><li><p class=\"p1\">B\u1eaft \u0111\u1ea7u nh\u1ecf, ph\u00e1t tri\u1ec3n theo c\u00e1ch c\u1ee7a ri\u00eang b\u1ea1n.<\/p><\/li><\/ul>\t\t\t\t<\/div>\t\t\t\t<\/div>\n\t\t\t\t<\/div>\n\t\t\t\t<div class=\"elementor-element elementor-element-647c4cf elementor-widget elementor-widget-text-editor\" data-id=\"647c4cf\" data-element_type=\"widget\" data-widget_type=\"text-editor.default\">\n\t\t\t\t<div class=\"elementor-widget-container\">\n\t\t\t\t\t<div class=\"bb-theme-elementor-wrap bb-elementor-custom-color bb-elementor-custom-family bb-elementor-custom-size bb-elementor-mobile-custom-size\">\t\t\t\t<p>K\u1ef9 n\u0103ng v\u00e0 m\u1ea1ng l\u01b0\u1edbi<\/p>\t\t\t\t<\/div>\t\t\t\t<\/div>\n\t\t\t\t<\/div>\n\t\t\t\t<div class=\"elementor-element elementor-element-69403a7 elementor-widget elementor-widget-text-editor\" data-id=\"69403a7\" data-element_type=\"widget\" data-widget_type=\"text-editor.default\">\n\t\t\t\t<div class=\"elementor-widget-container\">\n\t\t\t\t\t<div class=\"bb-theme-elementor-wrap bb-elementor-custom-color bb-elementor-custom-family bb-elementor-custom-size\">\t\t\t\t<p>Ph\u00e1t tri\u1ec3n s\u1ef1 nghi\u1ec7p<br><\/p>\t\t\t\t<\/div>\t\t\t\t<\/div>\n\t\t\t\t<\/div>\n\t\t\t\t<div class=\"elementor-element elementor-element-5e0fb33 elementor-widget elementor-widget-text-editor\" data-id=\"5e0fb33\" data-element_type=\"widget\" data-widget_type=\"text-editor.default\">\n\t\t\t\t<div class=\"elementor-widget-container\">\n\t\t\t\t\t<div class=\"bb-theme-elementor-wrap bb-elementor-custom-color bb-elementor-custom-family bb-elementor-custom-size\">\t\t\t\t<ul><li><p class=\"p1\">Ti\u1ebfp c\u1eadn kh\u00f3a h\u1ecdc, c\u00f4ng c\u1ee5 v\u00e0 t\u00e0i nguy\u00ean th\u1ef1c ti\u1ec5n.<\/p><\/li><li><p class=\"p1\">K\u1ebft n\u1ed1i v\u00e0 h\u1ecdc h\u1ecfi tr\u1ef1c ti\u1ebfp t\u1eeb chuy\u00ean gia, ng\u01b0\u1eddi d\u1eabn \u0111\u1ea7u trong ng\u00e0nh.<\/p><\/li><li><p class=\"p1\">Ti\u1ebfp c\u1eadn c\u01a1 h\u1ed9i \u0111\u1eb7c bi\u1ec7t d\u00e0nh cho th\u00e0nh vi\u00ean t\u00edch c\u1ef1c.<\/p><\/li><\/ul>\t\t\t\t<\/div>\t\t\t\t<\/div>\n\t\t\t\t<\/div>\n\t\t\t\t<div class=\"elementor-element elementor-element-2f88b87 elementor-widget elementor-widget-text-editor\" data-id=\"2f88b87\" data-element_type=\"widget\" data-widget_type=\"text-editor.default\">\n\t\t\t\t<div class=\"elementor-widget-container\">\n\t\t\t\t\t<div class=\"bb-theme-elementor-wrap bb-elementor-custom-color bb-elementor-custom-family bb-elementor-custom-size bb-elementor-mobile-custom-size\">\t\t\t\t<p>C\u00f9ng nhau t\u1ea1o n\u00ean s\u1ef1 kh\u00e1c bi\u1ec7t<\/p>\t\t\t\t<\/div>\t\t\t\t<\/div>\n\t\t\t\t<\/div>\n\t\t\t\t<div class=\"elementor-element elementor-element-dcace92 elementor-headline--style-highlight elementor-widget elementor-widget-animated-headline\" data-id=\"dcace92\" data-element_type=\"widget\" data-settings=\"{&quot;marker&quot;:&quot;underline_zigzag&quot;,&quot;highlighted_text&quot;:&quot; c\\u1ed9ng \\u0111\\u1ed3ng&quot;,&quot;headline_style&quot;:&quot;highlight&quot;,&quot;loop&quot;:&quot;yes&quot;,&quot;highlight_animation_duration&quot;:1200,&quot;highlight_iteration_delay&quot;:8000}\" data-widget_type=\"animated-headline.default\">\n\t\t\t\t<div class=\"elementor-widget-container\">\n\t\t\t\t\t\t\t<h3 class=\"elementor-headline\">\n\t\t\t\t\t<span class=\"elementor-headline-plain-text elementor-headline-text-wrapper\">T\u00e1c \u0111\u1ed9ng<\/span>\n\t\t\t\t<span class=\"elementor-headline-dynamic-wrapper elementor-headline-text-wrapper\">\n\t\t\t\t\t<span class=\"elementor-headline-dynamic-text elementor-headline-text-active\"> c\u1ed9ng \u0111\u1ed3ng<\/span>\n\t\t\t\t<\/span>\n\t\t\t\t<\/h3>\n\t\t\t\t\t\t<\/div>\n\t\t\t\t<\/div>\n\t\t\t\t<div class=\"elementor-element elementor-element-607940e elementor-widget elementor-widget-text-editor\" data-id=\"607940e\" data-element_type=\"widget\" data-widget_type=\"text-editor.default\">\n\t\t\t\t<div class=\"elementor-widget-container\">\n\t\t\t\t\t<div class=\"bb-theme-elementor-wrap bb-elementor-custom-color bb-elementor-custom-family bb-elementor-custom-size\">\t\t\t\t<ul><li><p class=\"p1\">C\u00f9ng ki\u1ebfn t\u1ea1o nh\u1eefng d\u1ef1 \u00e1n v\u00e0 s\u1ea3n ph\u1ea9m \u00fd ngh\u0129a.<\/p><\/li><li><p class=\"p1\">X\u00e2y d\u1ef1ng uy t\u00edn v\u00e0 h\u00ecnh \u1ea3nh th\u00f4ng qua s\u1ef1 \u0111\u00f3ng g\u00f3p c\u1ee7a b\u1ea1n.<\/p><\/li><li><p class=\"p1\">Tham gia c\u00e1c s\u00e1ng ki\u1ebfn t\u1ea1o ra thay \u0111\u1ed5i b\u1ec1n v\u1eefng.<\/p><\/li><\/ul>\t\t\t\t<\/div>\t\t\t\t<\/div>\n\t\t\t\t<\/div>\n\t\t<div class=\"elementor-element elementor-element-4a815e6 e-con-full e-flex e-con e-child\" data-id=\"4a815e6\" data-element_type=\"container\">\n\t\t\t\t<div class=\"elementor-element elementor-element-db651dd elementor-headline--style-highlight elementor-widget elementor-widget-animated-headline\" data-id=\"db651dd\" data-element_type=\"widget\" data-settings=\"{&quot;marker&quot;:&quot;underline&quot;,&quot;highlighted_text&quot;:&quot;t\\u01b0\\u01a1ng lai&quot;,&quot;headline_style&quot;:&quot;highlight&quot;,&quot;loop&quot;:&quot;yes&quot;,&quot;highlight_animation_duration&quot;:1200,&quot;highlight_iteration_delay&quot;:8000}\" data-widget_type=\"animated-headline.default\">\n\t\t\t\t<div class=\"elementor-widget-container\">\n\t\t\t\t\t\t\t<h3 class=\"elementor-headline\">\n\t\t\t\t\t<span class=\"elementor-headline-plain-text elementor-headline-text-wrapper\">C\u00f9ng ki\u1ebfn t\u1ea1o <\/span>\n\t\t\t\t<span class=\"elementor-headline-dynamic-wrapper elementor-headline-text-wrapper\">\n\t\t\t\t\t<span class=\"elementor-headline-dynamic-text elementor-headline-text-active\">t\u01b0\u01a1ng lai<\/span>\n\t\t\t\t<\/span>\n\t\t\t\t\t<span class=\"elementor-headline-plain-text elementor-headline-text-wrapper\">with Us<\/span>\n\t\t\t\t\t<\/h3>\n\t\t\t\t\t\t<\/div>\n\t\t\t\t<\/div>\n\t\t\t\t<div class=\"elementor-element elementor-element-c3f7a6e elementor-widget elementor-widget-text-editor\" data-id=\"c3f7a6e\" data-element_type=\"widget\" data-widget_type=\"text-editor.default\">\n\t\t\t\t<div class=\"elementor-widget-container\">\n\t\t\t\t\t<div class=\"bb-theme-elementor-wrap bb-elementor-custom-color bb-elementor-custom-family bb-elementor-custom-size\">\t\t\t\t<p class=\"p1\">Tham gia ngay h\u00f4m nay v\u00e0 g\u00f3p ph\u1ea7n t\u1ea1o n\u00ean c\u1ed9ng \u0111\u1ed3ng m\u00e0 ch\u00fang ta mong mu\u1ed1n.<\/p><p class=\"p1\">C\u00f9ng chia s\u1ebb tri th\u1ee9c, truy\u1ec1n c\u1ea3m h\u1ee9ng, cung c\u1ea5p s\u1ea3n ph\u1ea9m \/ ngu\u1ed3n l\u1ef1c ch\u1ea5t l\u01b0\u1ee3ng \u2014 m\u1ed7i \u0111\u00f3ng g\u00f3p \u0111\u1ec1u quan tr\u1ecdng trong vi\u1ec7c x\u00e2y d\u1ef1ng m\u1ed9t c\u1ed9ng \u0111\u1ed3ng v\u1eefng m\u1ea1nh h\u01a1n.\\<\/p>\t\t\t\t<\/div>\t\t\t\t<\/div>\n\t\t\t\t<\/div>\n\t\t\t\t<div class=\"elementor-element elementor-element-15d8ee2 elementor-widget elementor-widget-html\" data-id=\"15d8ee2\" data-element_type=\"widget\" data-widget_type=\"html.default\">\n\t\t\t\t<div class=\"elementor-widget-container\">\n\t\t\t\t\t<script src=\"https:\/\/unpkg.com\/@lottiefiles\/dotlottie-wc@0.6.2\/dist\/dotlottie-wc.js\" type=\"module\"><\/script>\n<dotlottie-wc src=\"https:\/\/lottie.host\/1964c111-4966-46b8-8f2e-875607293ab1\/mndfj7E8fp.lottie\" style=\"width: 300px;height: 300px\" speed=\"1\" autoplay=\"\" loop=\"\"><\/dotlottie-wc>\t\t\t\t<\/div>\n\t\t\t\t<\/div>\n\t\t\t\t<div class=\"elementor-element elementor-element-139b574 elementor-widget elementor-widget-ucaddon_underline_link_hover_effect\" data-id=\"139b574\" data-element_type=\"widget\" data-widget_type=\"ucaddon_underline_link_hover_effect.default\">\n\t\t\t\t<div class=\"elementor-widget-container\">\n\t\t\t\t\t\n<!-- start Underline Link Hover Effect -->\n\t\t<link id='font-awesome-css' href='https:\/\/gox.life\/wp-content\/plugins\/unlimited-elements-for-elementor-premium\/assets_libraries\/font-awesome6\/fontawesome-all.min.css' type='text\/css' rel='stylesheet' >\n\t\t<link id='font-awesome-4-shim-css' href='https:\/\/gox.life\/wp-content\/plugins\/unlimited-elements-for-elementor-premium\/assets_libraries\/font-awesome6\/fontawesome-v4-shims.min.css' type='text\/css' rel='stylesheet' >\n\n<style>\/* widget: Underline Link Hover Effect *\/\n\n#uc_underline_link_hover_effect_elementor_139b574{\n  display:flex;\n} \n\n#uc_underline_link_hover_effect_elementor_139b574 a.ue-link{\n  display:flex;\n  position:relative;\n  align-items:center;\n  justify-content:center;\n  text-decoration:none;\n}\n\n#uc_underline_link_hover_effect_elementor_139b574 a.ue-link:after{\n  content: \"\";\n    width:100%;\n    position:absolute;\n  bottom:0px;\n    left:0px;\n    display: block;\n  transition:1000ms;\n}\n\n#uc_underline_link_hover_effect_elementor_139b574 a:hover:after{\n    width:0%;\n  }\n\n#uc_underline_link_hover_effect_elementor_139b574 .ue-link-hover-effect-spacing{\n  transition:1000ms;\n}\n\n#uc_underline_link_hover_effect_elementor_139b574 .ue-link-hover-effect-text{\n  padding:10px 0px;\n  transition:1000ms;\n}\n\n#uc_underline_link_hover_effect_elementor_139b574 .ue-link-hover-effect-icon{\n  line-height:1em;\n  transition:1000ms;\n}\n\n#uc_underline_link_hover_effect_elementor_139b574 .ue-link-hover-effect-icon svg{\n  height:1em;\n  width:1em;\n}\n\n<\/style>\n\n<div id=\"uc_underline_link_hover_effect_elementor_139b574\" class=\"ue-link-wrap\">\n  <a class=\"ue-link\" href=\"https:\/\/gox.life\/vi\/dang-ky\/\" >\n    <div class=\"ue-link-hover-effect-text\">Tham gia C\u1ed9ng \u0111\u1ed3ng GOX<br> <br><\/div>\n    <div class=\"ue-link-hover-effect-spacing\"><\/div>\n    <div class=\"ue-link-hover-effect-icon\"><i class='fas fa-arrow-right'><\/i><\/div>\n  <\/a>\n<\/div>\n<!-- end Underline Link Hover Effect -->\t\t\t\t<\/div>\n\t\t\t\t<\/div>\n\t\t\t\t<\/div>\n\t\t\t\t\t<\/div>\n\t\t\t\t<\/div>\n\t\t\t\t<\/div>\n\t\t","protected":false},"excerpt":{"rendered":"<p>Th\u00fac \u0111\u1ea9y Thay \u0111\u1ed5i t\u00edch c\u1ef1c T\u1ea1i GOX, ch\u00fang t\u00f4i tin r\u1eb1ng s\u1ee9c m\u1ea1nh c\u1ee7a c\u1ed9ng \u0111\u1ed3ng \u0111\u1ebfn t\u1eeb nh\u1eefng \u0111\u00f3ng g\u00f3p \u0111a d\u1ea1ng c\u1ee7a&hellip;<\/p>\n","protected":false},"author":1,"featured_media":0,"parent":0,"menu_order":0,"comment_status":"closed","ping_status":"closed","template":"","meta":{"footnotes":""},"labels":[],"class_list":["post-1477","page","type-page","status-publish","hentry"],"_links":{"self":[{"href":"https:\/\/gox.life\/vi\/wp-json\/wp\/v2\/pages\/1477","targetHints":{"allow":["GET"]}}],"collection":[{"href":"https:\/\/gox.life\/vi\/wp-json\/wp\/v2\/pages"}],"about":[{"href":"https:\/\/gox.life\/vi\/wp-json\/wp\/v2\/types\/page"}],"author":[{"embeddable":true,"href":"https:\/\/gox.life\/vi\/wp-json\/wp\/v2\/users\/1"}],"replies":[{"embeddable":true,"href":"https:\/\/gox.life\/vi\/wp-json\/wp\/v2\/comments?post=1477"}],"version-history":[{"count":31,"href":"https:\/\/gox.life\/vi\/wp-json\/wp\/v2\/pages\/1477\/revisions"}],"predecessor-version":[{"id":2563,"href":"https:\/\/gox.life\/vi\/wp-json\/wp\/v2\/pages\/1477\/revisions\/2563"}],"wp:attachment":[{"href":"https:\/\/gox.life\/vi\/wp-json\/wp\/v2\/media?parent=1477"}],"wp:term":[{"taxonomy":"labels","embeddable":true,"href":"https:\/\/gox.life\/vi\/wp-json\/wp\/v2\/labels?post=1477"}],"curies":[{"name":"wp","href":"https:\/\/api.w.org\/{rel}","templated":true}]}}