{"id":2469,"date":"2024-06-29T15:13:54","date_gmt":"2024-06-29T08:13:54","guid":{"rendered":"https:\/\/gox.life\/chinh-sach-quyen-rieng-tu\/"},"modified":"2025-10-11T17:36:25","modified_gmt":"2025-10-11T10:36:25","slug":"chinh-sach-quyen-rieng-tu","status":"publish","type":"page","link":"https:\/\/gox.life\/vi\/chinh-sach-quyen-rieng-tu\/","title":{"rendered":"Ch\u00ednh S\u00e1ch Quy\u1ec1n Ri\u00eang T\u01b0"},"content":{"rendered":"\n<h3 class=\"wp-block-heading\"><strong>S\u1ed1ng th\u1eadt. S\u1ed1ng vui. S\u1ed1ng kho\u1ebb. S\u1ed1ng \u00fd ngh\u0129a.   <em><br\/><\/em><\/strong><em>C\u1eadp nh\u1eadt sau c\u00f9ng: 09\/10\/2025<\/em><\/h3>\n\n<h2 class=\"wp-block-heading\"><br\/><strong>1. Gi\u1edbi thi\u1ec7u<\/strong><\/h2>\n\n<p>Quy\u1ec1n ri\u00eang t\u01b0 c\u1ee7a b\u1ea1n r\u1ea5t quan tr\u1ecdng v\u1edbi ch\u00fang t\u00f4i.<\/p>\n\n<p>Ch\u00ednh s\u00e1ch n\u00e0y gi\u1ea3i th\u00edch c\u00e1ch <strong>GOX<\/strong> thu th\u1eadp, s\u1eed d\u1ee5ng v\u00e0 b\u1ea3o v\u1ec7 th\u00f4ng tin c\u00e1 nh\u00e2n khi b\u1ea1n t\u01b0\u01a1ng t\u00e1c v\u1edbi c\u00e1c <strong>n\u1ec1n t\u1ea3ng GOX<\/strong> v\u00e0 <strong>C\u1ed9ng \u0111\u1ed3ng GOX.<\/strong><\/p>\n\n<p><em>Trong t\u00e0i li\u1ec7u n\u00e0y, <strong>\u201cn\u1ec1n t\u1ea3ng GOX\u201d<\/strong> bao g\u1ed3m to\u00e0n b\u1ed9 m\u00f4i tr\u01b0\u1eddng tr\u1ef1c tuy\u1ebfn v\u00e0 th\u1ef1c t\u1ebf do GOX v\u1eadn h\u00e0nh, bao g\u1ed3m (nh\u01b0ng kh\u00f4ng gi\u1edbi h\u1ea1n) trang web GOX (gox.life), \u1ee9ng d\u1ee5ng di \u0111\u1ed9ng, GOX Destinations, v\u00e0 c\u00e1c d\u1ecbch v\u1ee5 ch\u00ednh th\u1ee9c kh\u00e1c c\u1ee7a GOX.<\/em><\/p>\n\n<p>Khi s\u1eed d\u1ee5ng b\u1ea5t k\u1ef3 n\u1ec1n t\u1ea3ng n\u00e0o c\u1ee7a GOX, b\u1ea1n \u0111\u1ed3ng \u00fd v\u1edbi c\u00e1c quy \u0111\u1ecbnh trong Ch\u00ednh s\u00e1ch n\u00e0y.<\/p>\n\n<hr class=\"wp-block-separator has-alpha-channel-opacity\"\/>\n\n<p><\/p>\n\n<h2 class=\"wp-block-heading\">2. Th\u00f4ng Tin Ch\u00fang T\u00f4i Thu Th\u1eadp<\/h2>\n\n<p>Ch\u00fang t\u00f4i thu th\u1eadp th\u00f4ng tin nh\u1eb1m v\u1eadn h\u00e0nh, c\u1ea3i thi\u1ec7n v\u00e0 b\u1ea3o v\u1ec7 tr\u1ea3i nghi\u1ec7m c\u1ee7a b\u1ea1n trong C\u1ed9ng \u0111\u1ed3ng GOX.<\/p>\n\n<p><strong>a. Th\u00f4ng tin b\u1ea1n cung c\u1ea5p <\/strong><\/p>\n\n<ul class=\"wp-block-list\">\n<li><br\/>D\u1eef li\u1ec7u t\u00e0i kho\u1ea3n: h\u1ecd t\u00ean, t\u00ean ng\u01b0\u1eddi d\u00f9ng, email, \u1ea3nh \u0111\u1ea1i di\u1ec7n, m\u1eadt kh\u1ea9u, v\u00e0 ti\u1ec3u s\u1eed (n\u1ebfu c\u00f3).<br\/><\/li>\n\n\n\n<li><br\/>Ho\u1ea1t \u0111\u1ed9ng c\u1ed9ng \u0111\u1ed3ng: b\u00e0i vi\u1ebft, h\u00ecnh \u1ea3nh, video, b\u00ecnh lu\u1eadn, l\u01b0\u1ee3t th\u00edch v\u00e0 c\u00e1c n\u1ed9i dung do ng\u01b0\u1eddi d\u00f9ng t\u1ea1o (UGC).<br\/><\/li>\n\n\n\n<li>Trao \u0111\u1ed5i v\u00e0 ph\u1ea3n h\u1ed3i: tin nh\u1eafn, b\u00e1o c\u00e1o ho\u1eb7c g\u00f3p \u00fd m\u00e0 b\u1ea1n g\u1eedi \u0111\u1ebfn ch\u00fang t\u00f4i.<br\/><br\/><em>(N\u1ed9i dung tin nh\u1eafn ri\u00eang t\u01b0 ch\u1ec9 \u0111\u01b0\u1ee3c truy c\u1eadp trong tr\u01b0\u1eddng h\u1ee3p c\u1ea7n thi\u1ebft \u0111\u1ec3 x\u1eed l\u00fd l\u1ed7i k\u1ef9 thu\u1eadt ho\u1eb7c \u0111i\u1ec1u tra vi ph\u1ea1m, v\u00e0 lu\u00f4n \u0111\u01b0\u1ee3c ki\u1ec3m so\u00e1t ch\u1eb7t ch\u1ebd v\u1ec1 b\u1ea3o m\u1eadt.)<\/em><\/li>\n<\/ul>\n\n<p><strong>b. Th\u00f4ng tin ch\u00fang t\u00f4i thu th\u1eadp t\u1ef1 \u0111\u1ed9ng <\/strong><\/p>\n\n<ul class=\"wp-block-list\">\n<li>D\u1eef li\u1ec7u nh\u1eadt k\u00fd: \u0111\u1ecba ch\u1ec9 IP, lo\u1ea1i tr\u00ecnh duy\u1ec7t, thi\u1ebft b\u1ecb, th\u1eddi gian truy c\u1eadp.<\/li>\n\n\n\n<li>Cookie v\u00e0 d\u1eef li\u1ec7u theo d\u00f5i: d\u00f9ng cho \u0111\u0103ng nh\u1eadp, l\u01b0u t\u00f9y ch\u1ecdn, ph\u00e2n t\u00edch h\u00e0nh vi, v\u00e0 ng\u0103n ch\u1eb7n spam.<\/li>\n\n\n\n<li>D\u1eef li\u1ec7u v\u1ecb tr\u00ed: ch\u1ec9 khi b\u1ea1n ch\u1ee7 \u0111\u1ed9ng b\u1eadt ho\u1eb7c chia s\u1ebb.<\/li>\n<\/ul>\n\n<p><strong>c. Th\u00f4ng tin t\u1eeb b\u00ean th\u1ee9 ba <\/strong><\/p>\n\n<p>Khi b\u1ea1n \u0111\u0103ng k\u00fd ho\u1eb7c \u0111\u0103ng nh\u1eadp th\u00f4ng qua t\u00e0i kho\u1ea3n m\u1ea1ng x\u00e3 h\u1ed9i (nh\u01b0 Facebook, Google, Threads ho\u1eb7c Apple), ch\u00fang t\u00f4i c\u00f3 th\u1ec3 nh\u1eadn \u0111\u01b0\u1ee3c m\u1ed9t s\u1ed1 th\u00f4ng tin c\u01a1 b\u1ea3n (v\u00ed d\u1ee5: t\u00ean, email, \u1ea3nh h\u1ed3 s\u01a1) theo c\u00e0i \u0111\u1eb7t quy\u1ec1n ri\u00eang t\u01b0 c\u1ee7a b\u1ea1n tr\u00ean n\u1ec1n t\u1ea3ng \u0111\u00f3.<\/p>\n\n<hr class=\"wp-block-separator has-alpha-channel-opacity\"\/>\n\n<h2 class=\"wp-block-heading\"><br\/><strong>3. C\u00e1ch Ch\u00fang T\u00f4i S\u1eed D\u1ee5ng Th\u00f4ng Tin<\/strong><\/h2>\n\n<p>Th\u00f4ng tin c\u1ee7a b\u1ea1n \u0111\u01b0\u1ee3c s\u1eed d\u1ee5ng \u0111\u1ec3:<\/p>\n\n<ul class=\"wp-block-list\">\n<li>Qu\u1ea3n l\u00fd t\u00e0i kho\u1ea3n v\u00e0 k\u00edch ho\u1ea1t c\u00e1c t\u00ednh n\u0103ng (\u0111\u0103ng b\u00e0i, theo d\u00f5i, b\u00ecnh lu\u1eadn, nh\u1eafn tin).<\/li>\n\n\n\n<li><br\/>C\u00e1 nh\u00e2n h\u00f3a n\u1ed9i dung, \u0111\u1ec1 xu\u1ea5t v\u00e0 b\u1ea3ng tin.<br\/><\/li>\n\n\n\n<li><br\/>Ph\u00e1t hi\u1ec7n v\u00e0 ng\u0103n ch\u1eb7n spam, h\u00e0nh vi vi ph\u1ea1m ch\u00ednh s\u00e1ch.<br\/><\/li>\n\n\n\n<li>G\u1eedi th\u00f4ng b\u00e1o, c\u1eadp nh\u1eadt, ho\u1eb7c c\u1ea3nh b\u00e1o b\u1ea3o m\u1eadt.<\/li>\n\n\n\n<li>C\u1ea3i thi\u1ec7n tr\u1ea3i nghi\u1ec7m, hi\u1ec7u su\u1ea5t v\u00e0 t\u00ednh an to\u00e0n c\u1ee7a n\u1ec1n t\u1ea3ng.<\/li>\n\n\n\n<li>Tu\u00e2n th\u1ee7 c\u00e1c y\u00eau c\u1ea7u ph\u00e1p l\u00fd hi\u1ec7n h\u00e0nh.<\/li>\n<\/ul>\n\n<p>GOX kh\u00f4ng bao gi\u1edd b\u00e1n th\u00f4ng tin c\u00e1 nh\u00e2n c\u1ee7a b\u1ea1n.<\/p>\n\n<hr class=\"wp-block-separator has-alpha-channel-opacity\"\/>\n\n<p><\/p>\n\n<h2 class=\"wp-block-heading\"><strong>4. T\u00ednh C\u00f4ng Khai  N\u1ed9i Dung Do Ng\u01b0\u1eddi D\u00f9ng T\u1ea1o (UGC)<\/strong><\/h2>\n\n<p>C\u00e1c n\u1ed9i dung b\u1ea1n \u0111\u0103ng (v\u0103n b\u1ea3n, h\u00ecnh \u1ea3nh, video, b\u00ecnh lu\u1eadn, h\u1ed3 s\u01a1 c\u00e1 nh\u00e2n, v.v.) c\u00f3 th\u1ec3 hi\u1ec3n th\u1ecb c\u00f4ng khai t\u00f9y theo c\u00e0i \u0111\u1eb7t quy\u1ec1n ri\u00eang t\u01b0 c\u1ee7a b\u1ea1n.<\/p>\n\n<p>B\u1eb1ng vi\u1ec7c \u0111\u0103ng n\u1ed9i dung, b\u1ea1n cho ph\u00e9p GOX quy\u1ec1n s\u1eed d\u1ee5ng kh\u00f4ng \u0111\u1ed9c quy\u1ec1n, to\u00e0n c\u1ea7u v\u00e0 mi\u1ec5n ph\u00ed b\u1ea3n quy\u1ec1n \u0111\u1ec3 hi\u1ec3n th\u1ecb v\u00e0 ph\u00e2n ph\u1ed1i n\u1ed9i dung \u0111\u00f3 ph\u1ee5c v\u1ee5 m\u1ee5c \u0111\u00edch c\u1ed9ng \u0111\u1ed3ng.<\/p>\n\n<p>Vui l\u00f2ng tr\u00e1nh chia s\u1ebb th\u00f4ng tin nh\u1ea1y c\u1ea3m ho\u1eb7c ri\u00eang t\u01b0 t\u1ea1i c\u00e1c khu v\u1ef1c c\u00f4ng khai.<\/p>\n\n<hr class=\"wp-block-separator has-alpha-channel-opacity\"\/>\n\n<h2 class=\"wp-block-heading\"><br\/><strong>5. Cookie  C\u00f4ng Ngh\u1ec7 Theo D\u00f5i<\/strong><\/h2>\n\n<p>GOX s\u1eed d\u1ee5ng cookie v\u00e0 c\u00f4ng ngh\u1ec7 t\u01b0\u01a1ng t\u1ef1 \u0111\u1ec3:<\/p>\n\n<ul class=\"wp-block-list\">\n<li>Duy tr\u00ec tr\u1ea1ng th\u00e1i \u0111\u0103ng nh\u1eadp v\u00e0 ghi nh\u1edb t\u00f9y ch\u1ecdn ng\u01b0\u1eddi d\u00f9ng<\/li>\n\n\n\n<li>Ph\u00e2n t\u00edch l\u01b0u l\u01b0\u1ee3ng truy c\u1eadp v\u00e0 xu h\u01b0\u1edbng s\u1eed d\u1ee5ng<\/li>\n\n\n\n<li>Ng\u0103n ch\u1eb7n spam v\u00e0 truy c\u1eadp tr\u00e1i ph\u00e9p<\/li>\n<\/ul>\n\n<p>B\u1ea1n c\u00f3 th\u1ec3 t\u1eaft ho\u1eb7c qu\u1ea3n l\u00fd cookie trong c\u00e0i \u0111\u1eb7t tr\u00ecnh duy\u1ec7t, nh\u01b0ng m\u1ed9t s\u1ed1 t\u00ednh n\u0103ng c\u00f3 th\u1ec3 ho\u1ea1t \u0111\u1ed9ng kh\u00f4ng \u0111\u1ea7y \u0111\u1ee7 n\u1ebfu cookie b\u1ecb v\u00f4 hi\u1ec7u h\u00f3a. <\/p>\n\n<hr class=\"wp-block-separator has-alpha-channel-opacity\"\/>\n\n<h2 class=\"wp-block-heading\"><br\/><strong>6. N\u1ed9i Dung Nh\u00fang  Li\u00ean K\u1ebft Ngo\u00e0i<\/strong><\/h2>\n\n<p>N\u1ed9i dung tr\u00ean c\u00e1c n\u1ec1n t\u1ea3ng GOX c\u00f3 th\u1ec3 bao g\u1ed3m h\u00ecnh \u1ea3nh, video ho\u1eb7c li\u00ean k\u1ebft \u0111\u1ebfn trang web b\u00ean ngo\u00e0i.<\/p>\n\n<p>Khi t\u01b0\u01a1ng t\u00e1c v\u1edbi n\u1ed9i dung \u0111\u00f3, d\u1eef li\u1ec7u c\u1ee7a b\u1ea1n c\u00f3 th\u1ec3 \u0111\u01b0\u1ee3c x\u1eed l\u00fd b\u1edfi c\u00e1c trang web li\u00ean k\u1ebft theo ch\u00ednh s\u00e1ch ri\u00eang t\u01b0 c\u1ee7a h\u1ecd.<\/p>\n\n<hr class=\"wp-block-separator has-alpha-channel-opacity\"\/>\n\n<h2 class=\"wp-block-heading\"><br\/><strong>7. Th\u1eddi Gian L\u01b0u Tr\u1eef D\u1eef Li\u1ec7u<\/strong><\/h2>\n\n<p>D\u1eef li\u1ec7u t\u00e0i kho\u1ea3n v\u00e0 b\u00e0i \u0111\u0103ng \u0111\u01b0\u1ee3c l\u01b0u tr\u1eef trong su\u1ed1t th\u1eddi gian t\u00e0i kho\u1ea3n c\u1ee7a b\u1ea1n ho\u1ea1t \u0111\u1ed9ng.<\/p>\n\n<p><br\/><br\/>B\u00e0i vi\u1ebft ho\u1eb7c b\u00ecnh lu\u1eadn c\u00f3 th\u1ec3 v\u1eabn hi\u1ec3n th\u1ecb ngay c\u1ea3 khi b\u1ea1n t\u1ea1m ng\u01b0ng t\u00e0i kho\u1ea3n, tr\u1eeb khi b\u1ea1n y\u00eau c\u1ea7u x\u00f3a.<br\/><\/p>\n\n<p>C\u00e1c b\u1ea3n sao l\u01b0u c\u00f3 th\u1ec3 \u0111\u01b0\u1ee3c gi\u1eef t\u1ea1m th\u1eddi nh\u1eb1m m\u1ee5c \u0111\u00edch b\u1ea3o m\u1eadt ho\u1eb7c tu\u00e2n th\u1ee7 ph\u00e1p lu\u1eadt.<\/p>\n\n<p>Ch\u00fang t\u00f4i \u0111\u1ecbnh k\u1ef3 r\u00e0 so\u00e1t v\u00e0 x\u00f3a d\u1eef li\u1ec7u kh\u00f4ng c\u00f2n c\u1ea7n thi\u1ebft.<\/p>\n\n<hr class=\"wp-block-separator has-alpha-channel-opacity\"\/>\n\n<h2 class=\"wp-block-heading\"><br\/><strong>8. Quy\u1ec1n C\u1ee7a B\u1ea1n<\/strong><\/h2>\n\n<p>B\u1ea1n c\u00f3 quy\u1ec1n:<\/p>\n\n<ul class=\"wp-block-list\">\n<li>Truy c\u1eadp v\u00e0 t\u1ea3i v\u1ec1 d\u1eef li\u1ec7u c\u00e1 nh\u00e2n c\u1ee7a m\u00ecnh<\/li>\n\n\n\n<li>S\u1eeda \u0111\u1ed5i ho\u1eb7c c\u1eadp nh\u1eadt th\u00f4ng tin<\/li>\n\n\n\n<li>Y\u00eau c\u1ea7u x\u00f3a t\u00e0i kho\u1ea3n v\u00e0 d\u1eef li\u1ec7u<\/li>\n\n\n\n<li>Thu h\u1ed3i s\u1ef1 \u0111\u1ed3ng \u00fd \u0111\u1ed1i v\u1edbi m\u1ed9t s\u1ed1 ho\u1ea1t \u0111\u1ed9ng x\u1eed l\u00fd d\u1eef li\u1ec7u<\/li>\n<\/ul>\n\n<p>\u0110\u1ec3 th\u1ef1c hi\u1ec7n c\u00e1c quy\u1ec1n n\u00e0y, vui l\u00f2ng li\u00ean h\u1ec7 <strong>privacy@gox.life.<\/strong><\/p>\n\n<p>Ch\u00fang t\u00f4i c\u00f3 th\u1ec3 c\u1ea7n x\u00e1c minh danh t\u00ednh tr\u01b0\u1edbc khi x\u1eed l\u00fd y\u00eau c\u1ea7u.<\/p>\n\n<hr class=\"wp-block-separator has-alpha-channel-opacity\"\/>\n\n<h2 class=\"wp-block-heading\"><br\/><strong>9. Chia S\u1ebb D\u1eef Li\u1ec7u<\/strong><\/h2>\n\n<p>GOX ch\u1ec9 chia s\u1ebb d\u1eef li\u1ec7u c\u1ee7a b\u1ea1n trong c\u00e1c tr\u01b0\u1eddng h\u1ee3p sau:<\/p>\n\n<ul class=\"wp-block-list\">\n<li>V\u1edbi c\u00e1c \u0111\u1ed1i t\u00e1c d\u1ecbch v\u1ee5 \u0111\u00e1ng tin c\u1eady (l\u01b0u tr\u1eef, ph\u00e2n t\u00edch, b\u1ea3o m\u1eadt, v.v.) nh\u1eb1m v\u1eadn h\u00e0nh n\u1ec1n t\u1ea3ng.<\/li>\n\n\n\n<li>V\u1edbi c\u00e1c b\u00ean cung c\u1ea5p d\u1ecbch v\u1ee5 \u0111\u0103ng nh\u1eadp b\u00ean th\u1ee9 ba (khi b\u1ea1n t\u1ef1 ch\u1ecdn k\u1ebft n\u1ed1i t\u00e0i kho\u1ea3n).<\/li>\n\n\n\n<li>Khi \u0111\u01b0\u1ee3c y\u00eau c\u1ea7u theo quy \u0111\u1ecbnh ph\u00e1p lu\u1eadt, ho\u1eb7c \u0111\u1ec3 b\u1ea3o v\u1ec7 an to\u00e0n v\u00e0 quy\u1ec1n l\u1ee3i h\u1ee3p ph\u00e1p c\u1ee7a c\u1ed9ng \u0111\u1ed3ng.<\/li>\n<\/ul>\n\n<p>T\u1ea5t c\u1ea3 \u0111\u1ed1i t\u00e1c \u0111\u1ec1u ph\u1ea3i tu\u00e2n th\u1ee7 quy \u0111\u1ecbnh b\u1ea3o m\u1eadt nghi\u00eam ng\u1eb7t.<\/p>\n\n<hr class=\"wp-block-separator has-alpha-channel-opacity\"\/>\n\n<h2 class=\"wp-block-heading\"><strong><br\/><strong>10. B\u1ea3o M\u1eadt D\u1eef Li\u1ec7u<\/strong><\/strong><\/h2>\n\n<p>Ch\u00fang t\u00f4i \u00e1p d\u1ee5ng m\u00e3 h\u00f3a, m\u00e1y ch\u1ee7 an to\u00e0n v\u00e0 ki\u1ec3m so\u00e1t truy c\u1eadp \u0111\u1ec3 b\u1ea3o v\u1ec7 th\u00f4ng tin ng\u01b0\u1eddi d\u00f9ng.<\/p>\n\n<p>Tuy nhi\u00ean, kh\u00f4ng h\u1ec7 th\u1ed1ng n\u00e0o an to\u00e0n tuy\u1ec7t \u0111\u1ed1i \u2014 b\u1ea1n n\u00ean gi\u1eef k\u00edn th\u00f4ng tin \u0111\u0103ng nh\u1eadp v\u00e0 kh\u00f4ng chia s\u1ebb t\u00e0i kho\u1ea3n v\u1edbi ng\u01b0\u1eddi kh\u00e1c. <\/p>\n\n<hr class=\"wp-block-separator has-alpha-channel-opacity\"\/>\n\n<h2 class=\"wp-block-heading\"><strong><strong><br\/><strong>11. Tr\u1ebb em<\/strong><\/strong><\/strong><\/h2>\n\n<p>C\u00e1c n\u1ec1n t\u1ea3ng GOX <strong>kh\u00f4ng d\u00e0nh cho ng\u01b0\u1eddi d\u00f9ng d\u01b0\u1edbi 13 tu\u1ed5i (ho\u1eb7c \u0111\u1ed9 tu\u1ed5i t\u1ed1i thi\u1ec3u theo quy \u0111\u1ecbnh ph\u00e1p lu\u1eadt t\u1ea1i qu\u1ed1c gia c\u1ee7a b\u1ea1n).<\/strong><\/p>\n\n<p>Ch\u00fang t\u00f4i kh\u00f4ng c\u1ed1 \u00fd thu th\u1eadp d\u1eef li\u1ec7u c\u00e1 nh\u00e2n c\u1ee7a tr\u1ebb em. N\u1ebfu ph\u00e1t hi\u1ec7n d\u1eef li\u1ec7u thu\u1ed9c nh\u00f3m n\u00e0y, ch\u00fang t\u00f4i s\u1ebd x\u00f3a ngay l\u1eadp t\u1ee9c. <\/p>\n\n<hr class=\"wp-block-separator has-alpha-channel-opacity\"\/>\n\n<h2 class=\"wp-block-heading\"><strong><strong><strong><br\/><\/strong><\/strong>12. Ti\u00eau chu\u1ea9n qu\u1ed1c t\u1ebf<\/strong><\/h2>\n\n<p>GOX ho\u1ea1t \u0111\u1ed9ng t\u1ea1i Vi\u1ec7t Nam v\u00e0 tu\u00e2n th\u1ee7 ph\u00e1p lu\u1eadt Vi\u1ec7t Nam v\u1ec1 b\u1ea3o v\u1ec7 d\u1eef li\u1ec7u c\u00e1 nh\u00e2n.<\/p>\n\n<p>\u0110\u1ed1i v\u1edbi ng\u01b0\u1eddi d\u00f9ng \u1edf c\u00e1c qu\u1ed1c gia kh\u00e1c, GOX c\u0169ng h\u01b0\u1edbng \u0111\u1ebfn vi\u1ec7c ph\u00f9 h\u1ee3p v\u1edbi c\u00e1c <strong>ti\u00eau chu\u1ea9n qu\u1ed1c t\u1ebf \u0111\u01b0\u1ee3c c\u00f4ng nh\u1eadn v\u1ec1 quy\u1ec1n ri\u00eang t\u01b0<\/strong>, bao g\u1ed3m t\u00ednh minh b\u1ea1ch, gi\u1edbi h\u1ea1n m\u1ee5c \u0111\u00edch, \u0111\u1ed3ng \u00fd t\u1ef1 nguy\u1ec7n v\u00e0 gi\u1ea3m thi\u1ec3u d\u1eef li\u1ec7u thu th\u1eadp.<\/p>\n\n<hr class=\"wp-block-separator has-alpha-channel-opacity\"\/>\n\n<h2 class=\"wp-block-heading\"><strong><strong><strong><strong>13. C\u1eadp nh\u1eadt ch\u00ednh s\u00e1ch<\/strong><\/strong><\/strong><\/strong><\/h2>\n\n<p>Ch\u00ednh s\u00e1ch n\u00e0y c\u00f3 th\u1ec3 \u0111\u01b0\u1ee3c c\u1eadp nh\u1eadt \u0111\u1ecbnh k\u1ef3.<\/p>\n\n<p>Khi c\u00f3 thay \u0111\u1ed5i quan tr\u1ecdng, GOX s\u1ebd th\u00f4ng b\u00e1o qua email ho\u1eb7c tr\u00ean c\u00e1c n\u1ec1n t\u1ea3ng c\u1ee7a m\u00ecnh.<\/p>\n\n<p>Vi\u1ec7c ti\u1ebfp t\u1ee5c s\u1eed d\u1ee5ng sau khi c\u00f3 c\u1eadp nh\u1eadt \u0111\u1ed3ng ngh\u0129a v\u1edbi vi\u1ec7c b\u1ea1n ch\u1ea5p nh\u1eadn phi\u00ean b\u1ea3n m\u1edbi.<\/p>\n\n<hr class=\"wp-block-separator has-alpha-channel-opacity\"\/>\n\n<h2 class=\"wp-block-heading\"><strong><strong><strong><br\/><strong>14. Li\u00ean h\u1ec7<\/strong><\/strong><\/strong><\/strong><\/h2>\n\n<p>N\u1ebfu b\u1ea1n c\u00f3 b\u1ea5t k\u1ef3 c\u00e2u h\u1ecfi ho\u1eb7c y\u00eau c\u1ea7u n\u00e0o li\u00ean quan \u0111\u1ebfn quy\u1ec1n ri\u00eang t\u01b0, vui l\u00f2ng li\u00ean h\u1ec7:<\/p>\n\n<p>Email: <strong>privacy@gox.life<\/strong><\/p>\n\n<hr class=\"wp-block-separator has-alpha-channel-opacity\"\/>\n\n<h3 class=\"wp-block-heading\"><strong>Th\u1ef1c th\u1ec3 ph\u00e1p l\u00fd<\/strong><\/h3>\n\n<p>V\u1eadn h\u00e0nh b\u1edfi <strong>C\u00f4ng ty TNHH Th\u1ec3 Thao H\u1ed3ng Qu\u00e2n (GOX)<\/strong><\/p>\n\n<p>M\u00e3 s\u1ed1 doanh nghi\u1ec7p: <strong>0310602861<\/strong><\/p>\n\n<p>\u0110\u1ecba ch\u1ec9: <strong>1017 B\u00ecnh Qu\u1edbi, Ph\u01b0\u1eddng 28, Qu\u1eadn B\u00ecnh Th\u1ea1nh, TP. H\u1ed3 Ch\u00ed Minh, Vi\u1ec7t Nam<\/strong><\/p>\n\n<p class=\"has-text-align-right\"><\/p>\n","protected":false},"excerpt":{"rendered":"<p>S\u1ed1ng th\u1eadt. S\u1ed1ng vui. S\u1ed1ng kho\u1ebb. S\u1ed1ng \u00fd ngh\u0129a. C\u1eadp nh\u1eadt sau c\u00f9ng: 09\/10\/2025 1. Gi\u1edbi thi\u1ec7u Quy\u1ec1n ri\u00eang t\u01b0 c\u1ee7a b\u1ea1n r\u1ea5t quan tr\u1ecdng&hellip;<\/p>\n","protected":false},"author":1,"featured_media":0,"parent":0,"menu_order":0,"comment_status":"closed","ping_status":"closed","template":"","meta":{"footnotes":""},"labels":[],"class_list":["post-2469","page","type-page","status-publish","hentry"],"_links":{"self":[{"href":"https:\/\/gox.life\/vi\/wp-json\/wp\/v2\/pages\/2469","targetHints":{"allow":["GET"]}}],"collection":[{"href":"https:\/\/gox.life\/vi\/wp-json\/wp\/v2\/pages"}],"about":[{"href":"https:\/\/gox.life\/vi\/wp-json\/wp\/v2\/types\/page"}],"author":[{"embeddable":true,"href":"https:\/\/gox.life\/vi\/wp-json\/wp\/v2\/users\/1"}],"replies":[{"embeddable":true,"href":"https:\/\/gox.life\/vi\/wp-json\/wp\/v2\/comments?post=2469"}],"version-history":[{"count":10,"href":"https:\/\/gox.life\/vi\/wp-json\/wp\/v2\/pages\/2469\/revisions"}],"predecessor-version":[{"id":2616,"href":"https:\/\/gox.life\/vi\/wp-json\/wp\/v2\/pages\/2469\/revisions\/2616"}],"wp:attachment":[{"href":"https:\/\/gox.life\/vi\/wp-json\/wp\/v2\/media?parent=2469"}],"wp:term":[{"taxonomy":"labels","embeddable":true,"href":"https:\/\/gox.life\/vi\/wp-json\/wp\/v2\/labels?post=2469"}],"curies":[{"name":"wp","href":"https:\/\/api.w.org\/{rel}","templated":true}]}}